{"id":21,"date":"2019-10-24T12:11:44","date_gmt":"2019-10-24T12:11:44","guid":{"rendered":"https:\/\/www.reachturkey.pro\/?page_id=21"},"modified":"2025-02-09T21:26:31","modified_gmt":"2025-02-09T21:26:31","slug":"kkdik-sief-management","status":"publish","type":"page","link":"https:\/\/www.reachturkey.pro\/index.php\/services\/kkdik-sief-management\/","title":{"rendered":"KKDIK SIEF Management"},"content":{"rendered":"\n<p>You are obliged to communicate on several issues in the supply chain and respectively in the SIEF (MBDF) under <a href=\"https:\/\/kimyasallar.csb.gov.tr\/uploads\/file\/KKD%C4%B0K%20ingilizce_05_04_2022.doc\" title=\"\">KKD\u0130K regulation<\/a>.\u200b SIEF management is also offered under KKDIK registration services<\/p>\n\n\n\n<h3 class=\"wp-block-heading\"> KKDIK registration services  <\/h3>\n\n\n<p>DGROUTE, KKDIK registration services provide full support for the requirements of KKDIK registration. We offer a special service for KKD\u0130K registration, pre-registration (pre-SIEF), SIEF participation, actors communication with supply chain, exposure scenarios, risk assessments, technical dossier preparation, chemical safety assessments (CSA), chemical safety reports (CSR) including for any stage of companies.<\/p>\n\n\n<p>The principle is \u201cone substance, one registration\u201d.<br>During joint submission process, the lead registrant or KKD\u0130K (Turk REACH) consortium will do most of the work such as data collection, development of technical dossier and Chemical Safety Report (CSR), and submission of joint registration dossier to CRS. <\/p>\n\n\n\n<p>Other co-registrants only need to pay the lead registrant or consortium a fee to refer to the joint registration dossier and then prepare the individual part of the registration dossier in Turkey Chemical Registration System. <\/p>\n\n\n\n<p>In SIEF communication, quite a number of information especially relating to data needs to be collected from or fed back to pre-SIEF and&nbsp;co-registrants. You also need to agree on the substance Identify, the Lead registrant, on the classification and labelling, and crucial information needs to be communicated to the authorities. <\/p>\n\n\n\n<p><a href=\"https:\/\/www.dgroute.com\/en\/t_reach_only_representative_kkdik.html\" target=\"_blank\" rel=\"noopener\" title=\"\">DGRoute<\/a> helps you find out the intentions of your co-registrants, and it guarantees the best approach to contacting downstream users to gather information. It helps you store all communication and make sure information previously distributed is available, and communicate to the authorities, including MoEU and its different bodies.<a href=\"http:\/\/www.reachcentrum.eu\/services.html#\" target=\"_blank\" rel=\"noreferrer noopener\">\u200b<\/a><\/p>\n\n\n\n<p> MBDF :  Madde Bilgi De\u011fi\u015fim Forumu  <\/p>\n\n\n\n<p>KKD\u0130K :  K\u0130MYASALLARIN KAYDI, DE\u011eERLEND\u0130R\u0130LMES\u0130, \u0130ZN\u0130 VE KISITLANMASI (Registration, Evaluation, Authorization and Restriction of Chemicals)  <\/p>\n\n\n\n<p>SIEF : Substance Information Exchange Forum  <\/p>\n\n\n<div class=\"wp-block-image\">\n<figure class=\"aligncenter size-large\"><img loading=\"lazy\" decoding=\"async\" width=\"334\" height=\"137\" src=\"https:\/\/www.reachturkey.pro\/wp-content\/uploads\/2020\/04\/kkdik.png\" alt=\"\" class=\"wp-image-49\" srcset=\"https:\/\/www.reachturkey.pro\/wp-content\/uploads\/2020\/04\/kkdik.png 334w, https:\/\/www.reachturkey.pro\/wp-content\/uploads\/2020\/04\/kkdik-300x123.png 300w\" sizes=\"auto, (max-width: 334px) 100vw, 334px\" \/><\/figure><\/div>\n\n\n<p><a href=\"https:\/\/www.dgroute.com\/en\/iletisim.html\" title=\"\">Do not hesitate to contact us for comprehensive information and offer about KKDIK registration services and Turkish REACH Regulations.<\/a><\/p>\n\n\n<div class=\"wp-block-image\">\n<figure class=\"aligncenter size-large is-resized\"><img loading=\"lazy\" decoding=\"async\" width=\"1024\" height=\"1024\" src=\"https:\/\/www.reachturkey.pro\/wp-content\/uploads\/2020\/04\/logokare-1024x1024.png\" alt=\"TREACH\" class=\"wp-image-50\" style=\"width:186px;height:186px\" srcset=\"https:\/\/www.reachturkey.pro\/wp-content\/uploads\/2020\/04\/logokare-1024x1024.png 1024w, https:\/\/www.reachturkey.pro\/wp-content\/uploads\/2020\/04\/logokare-300x300.png 300w, https:\/\/www.reachturkey.pro\/wp-content\/uploads\/2020\/04\/logokare-150x150.png 150w, https:\/\/www.reachturkey.pro\/wp-content\/uploads\/2020\/04\/logokare-768x768.png 768w, https:\/\/www.reachturkey.pro\/wp-content\/uploads\/2020\/04\/logokare.png 1181w\" sizes=\"auto, (max-width: 1024px) 100vw, 1024px\" \/><\/figure><\/div>","protected":false},"excerpt":{"rendered":"<p>You are obliged to communicate on several issues in the supply chain and respectively in the SIEF (MBDF) under KKD\u0130K regulation.\u200b SIEF management is also offered under KKDIK registration services KKDIK registration services DGROUTE, KKDIK registration services provide full support for the requirements of KKDIK registration. We offer a special service for KKD\u0130K registration, pre-registration [&hellip;]<\/p>\n","protected":false},"author":1,"featured_media":0,"parent":11,"menu_order":0,"comment_status":"closed","ping_status":"closed","template":"attachment.php","meta":{"_monsterinsights_skip_tracking":false,"_monsterinsights_sitenote_active":false,"_monsterinsights_sitenote_note":"","_monsterinsights_sitenote_category":0,"footnotes":""},"class_list":["post-21","page","type-page","status-publish","hentry"],"aioseo_notices":[],"_links":{"self":[{"href":"https:\/\/www.reachturkey.pro\/index.php\/wp-json\/wp\/v2\/pages\/21","targetHints":{"allow":["GET"]}}],"collection":[{"href":"https:\/\/www.reachturkey.pro\/index.php\/wp-json\/wp\/v2\/pages"}],"about":[{"href":"https:\/\/www.reachturkey.pro\/index.php\/wp-json\/wp\/v2\/types\/page"}],"author":[{"embeddable":true,"href":"https:\/\/www.reachturkey.pro\/index.php\/wp-json\/wp\/v2\/users\/1"}],"replies":[{"embeddable":true,"href":"https:\/\/www.reachturkey.pro\/index.php\/wp-json\/wp\/v2\/comments?post=21"}],"version-history":[{"count":3,"href":"https:\/\/www.reachturkey.pro\/index.php\/wp-json\/wp\/v2\/pages\/21\/revisions"}],"predecessor-version":[{"id":300,"href":"https:\/\/www.reachturkey.pro\/index.php\/wp-json\/wp\/v2\/pages\/21\/revisions\/300"}],"up":[{"embeddable":true,"href":"https:\/\/www.reachturkey.pro\/index.php\/wp-json\/wp\/v2\/pages\/11"}],"wp:attachment":[{"href":"https:\/\/www.reachturkey.pro\/index.php\/wp-json\/wp\/v2\/media?parent=21"}],"curies":[{"name":"wp","href":"https:\/\/api.w.org\/{rel}","templated":true}]}}